{"id":13197,"date":"2024-08-20T18:40:40","date_gmt":"2024-08-20T16:40:40","guid":{"rendered":"https:\/\/www.cope.it\/?page_id=13197"},"modified":"2024-08-29T11:04:51","modified_gmt":"2024-08-29T09:04:51","slug":"sponsor-a-child-in-africa","status":"publish","type":"page","link":"https:\/\/www.cope.it\/en\/sponsor-a-child-in-africa\/","title":{"rendered":"Sponsor a child in Africa"},"content":{"rendered":"<h2 style=\"text-align: justify;\"><strong><em>I bambini sono il futuro di un popolo...<\/em><\/strong><\/h2>\n<p style=\"text-align: left;\"><img loading=\"lazy\" decoding=\"async\" class=\"size-medium wp-image-7814 aligncenter\" src=\"https:\/\/www.cope.it\/wp-content\/uploads\/2020\/02\/cheke-300x208.jpg\" alt=\"\" width=\"300\" height=\"208\" srcset=\"https:\/\/www.cope.it\/wp-content\/uploads\/2020\/02\/cheke-300x208.jpg 300w, https:\/\/www.cope.it\/wp-content\/uploads\/2020\/02\/cheke.jpg 536w\" sizes=\"auto, (max-width: 300px) 100vw, 300px\" \/>Il CO.P.E. \u00e8 impegnato da pi\u00f9 di 30 anni a sostenere\u00a0 i piccoli adulti di domani per assicurare loro un futuro migliore! Sostenere un bambino a distanza significa dargli <strong>la possibilit\u00e0 di crescere serenamente nel proprio paese<\/strong> d\u2019origine e garantirgli cure ed assistenza adeguate anche quando la situazione familiare o sanitaria non gli consente di crescere correttamente. Il Sostegno a Distanza \u00e8 un gesto che pu\u00f2 dare speranze e opportunit\u00e0, rispettando i contesti geografici, culturali e sociali in cui i bambini vivono.<\/p>\n<p style=\"text-align: justify;\"><strong>Con meno di 1\u20ac al giorno<\/strong> (300\u20ac in un anno) puoi garantire le cure mediche generiche e specialistiche a bambini malati o con disabilit\u00e0; assistenza domiciliare e residenziale a bambini orfani o con problemi familiari; l\u2019istruzione primaria e secondaria di bambini e ragazzi di et\u00e0 compresa tra i 6 e i 20 anni.<\/p>\n<p style=\"text-align: justify;\">Puoi scegliere di sostenere a distanza i bambini beneficiari di questi progetti:<\/p>\n<p><a href=\"https:\/\/www.cope.it\/categoria-progetti\/tanzania-in-corso\/\" target=\"_blank\" rel=\"noopener noreferrer\"><strong>Tanzania<\/strong><\/a>, villaggio di Nyololo, Regione di Iringa: ai bambini ospiti del Centro <a href=\"https:\/\/www.cope.it\/progetti\/tutela-dell-infanzia-progetto-si-si-ni-kesho\/\" target=\"_blank\" rel=\"noopener noreferrer\">Sisi ni Kesho<\/a>, puoi fornire cure sanitarie e assistenza in forma residenziale ai bambini dai 0-6 anni con problemi di malnutrizione, sieropositivi o orfani. Ai piccoli ospiti del Centro di accoglienza garantiamo le cure necessarie e anche un percorso di reinserimento in famiglia( quella naturale d'origine o adottiva locale).<\/p>\n<p><strong><img loading=\"lazy\" decoding=\"async\" class=\"wp-image-10898 alignright\" src=\"https:\/\/www.cope.it\/wp-content\/uploads\/2022\/11\/IMG-20200427-WA0084-225x300.jpg\" alt=\"\" width=\"182\" height=\"242\" srcset=\"https:\/\/www.cope.it\/wp-content\/uploads\/2022\/11\/IMG-20200427-WA0084-225x300.jpg 225w, https:\/\/www.cope.it\/wp-content\/uploads\/2022\/11\/IMG-20200427-WA0084-768x1024.jpg 768w, https:\/\/www.cope.it\/wp-content\/uploads\/2022\/11\/IMG-20200427-WA0084-1152x1536.jpg 1152w, https:\/\/www.cope.it\/wp-content\/uploads\/2022\/11\/IMG-20200427-WA0084-rotated.jpg 1200w\" sizes=\"auto, (max-width: 182px) 100vw, 182px\" \/>Guinea Bissau<\/strong>: progetto <strong><em>Pega nha mon \"<\/em>Dammi la mano\"<\/strong>. Puoi\u00a0 fornire assistenza sanitaria e aiuti alimentari alle famiglie e ai\u00a0 bambini del villaggio di Bula e dei villaggi limitrofi. Il progetto \u00e8 gestito in collaborazione con le suore locali, i centri nutrizionali e le associazioni che si occupano di minori;<\/p>\n<p>&nbsp;<\/p>\n<p>&nbsp;<\/p>\n<p>&nbsp;<\/p>\n<p>Grazie di cuore!<\/p>\n<p><img loading=\"lazy\" decoding=\"async\" class=\"alignnone size-medium wp-image-5903 aligncenter\" src=\"https:\/\/www.cope.it\/wp-content\/uploads\/2019\/10\/contributo-300x45.gif\" alt=\"\" width=\"300\" height=\"45\" \/><\/p>\n<h5><\/h5>\n<h5>VI RICORDIAMO CHE le liberalit\u00e0 in denaro erogate da persone fisiche o da enti soggetti all'imposta sul reddito delle societ\u00e0 in favore di organizzazioni non lucrative di utilit\u00e0 sociale sono deducibili dalla tua dichiarazione di redditi.<\/h5>\n<h5><\/h5>\n<p style=\"text-align: left;\"><em>Asante sana-grazie mille!<\/em><\/p>\n<blockquote><p>Se invece vuoi fare una donazione on line e sostenere\u00a0un'altra delle nostre campagne clicca sul seguente <a href=\"https:\/\/www.cope.it\/dona-ora\/\" target=\"_blank\" rel=\"noopener noreferrer\"><strong>link<\/strong><\/a><\/p><\/blockquote>\n","protected":false},"excerpt":{"rendered":"<p>I bambini sono il futuro di un popolo... Il CO.P.E. \u00e8 impegnato da pi\u00f9 di 30 anni a sostenere\u00a0 i piccoli adulti di domani per assicurare loro un futuro migliore! Sostenere un bambino a distanza significa dargli la possibilit\u00e0 di crescere serenamente nel proprio paese d\u2019origine e garantirgli cure ed assistenza adeguate anche quando la [&hellip;]<\/p>\n","protected":false},"author":5,"featured_media":0,"parent":0,"menu_order":0,"comment_status":"closed","ping_status":"closed","template":"","meta":{"_acf_changed":false,"give_campaign_id":0,"footnotes":""},"class_list":["post-13197","page","type-page","status-publish","hentry"],"acf":[],"campaignId":"","_links":{"self":[{"href":"https:\/\/www.cope.it\/en\/wp-json\/wp\/v2\/pages\/13197","targetHints":{"allow":["GET"]}}],"collection":[{"href":"https:\/\/www.cope.it\/en\/wp-json\/wp\/v2\/pages"}],"about":[{"href":"https:\/\/www.cope.it\/en\/wp-json\/wp\/v2\/types\/page"}],"author":[{"embeddable":true,"href":"https:\/\/www.cope.it\/en\/wp-json\/wp\/v2\/users\/5"}],"replies":[{"embeddable":true,"href":"https:\/\/www.cope.it\/en\/wp-json\/wp\/v2\/comments?post=13197"}],"version-history":[{"count":1,"href":"https:\/\/www.cope.it\/en\/wp-json\/wp\/v2\/pages\/13197\/revisions"}],"predecessor-version":[{"id":13198,"href":"https:\/\/www.cope.it\/en\/wp-json\/wp\/v2\/pages\/13197\/revisions\/13198"}],"wp:attachment":[{"href":"https:\/\/www.cope.it\/en\/wp-json\/wp\/v2\/media?parent=13197"}],"curies":[{"name":"wp","href":"https:\/\/api.w.org\/{rel}","templated":true}]}}